{"id":16712,"date":"2024-08-04T22:20:31","date_gmt":"2024-08-05T03:20:31","guid":{"rendered":"https:\/\/npg.pe\/roberto-navarro-2"},"modified":"2025-02-20T13:21:12","modified_gmt":"2025-02-20T18:21:12","slug":"roberto-navarro","status":"publish","type":"page","link":"https:\/\/npg.pe\/en\/the-npg-team\/roberto-navarro","title":{"rendered":"Roberto Navarro"},"content":{"rendered":"","protected":false},"excerpt":{"rendered":"","protected":false},"author":1,"featured_media":16596,"parent":16732,"menu_order":0,"comment_status":"closed","ping_status":"closed","template":"","meta":{"footnotes":""},"class_list":["post-16712","page","type-page","status-publish","has-post-thumbnail","hentry"],"yoast_head":"<!-- This site is optimized with the Yoast SEO plugin v27.2 - https:\/\/yoast.com\/product\/yoast-seo-wordpress\/ -->\n<title>Roberto Navarro - NPG Abogados<\/title>\n<meta name=\"description\" content=\"Roberto est\u00e1 especializado en Derecho de la Construcci\u00f3n. Graduado por la Universidad San Ignacio de Loyola en 2018.Roberto se destaca por su conocimiento profundo en contrataciones con el Estado, Derecho Administrativo, Derecho Civil y Derecho Inmobiliario. Su dominio de los idiomas espa\u00f1ol, ingl\u00e9s y franc\u00e9s le permite manejar casos complejos y comunicarse eficazmente con una amplia gama de clientes internacionales.\" \/>\n<meta name=\"robots\" content=\"index, follow, max-snippet:-1, max-image-preview:large, max-video-preview:-1\" \/>\n<link rel=\"canonical\" href=\"https:\/\/npg.pe\/en\/the-npg-team\/roberto-navarro\" \/>\n<meta property=\"og:locale\" content=\"en_US\" \/>\n<meta property=\"og:type\" content=\"article\" \/>\n<meta property=\"og:title\" content=\"Roberto Navarro - NPG Abogados\" \/>\n<meta property=\"og:description\" content=\"Roberto est\u00e1 especializado en Derecho de la Construcci\u00f3n. Graduado por la Universidad San Ignacio de Loyola en 2018.Roberto se destaca por su conocimiento profundo en contrataciones con el Estado, Derecho Administrativo, Derecho Civil y Derecho Inmobiliario. Su dominio de los idiomas espa\u00f1ol, ingl\u00e9s y franc\u00e9s le permite manejar casos complejos y comunicarse eficazmente con una amplia gama de clientes internacionales.\" \/>\n<meta property=\"og:url\" content=\"https:\/\/npg.pe\/en\/the-npg-team\/roberto-navarro\" \/>\n<meta property=\"og:site_name\" content=\"NPG Abogados\" \/>\n<meta property=\"article:publisher\" content=\"https:\/\/www.facebook.com\/npg.abogados\" \/>\n<meta property=\"article:modified_time\" content=\"2025-02-20T18:21:12+00:00\" \/>\n<meta property=\"og:image\" content=\"https:\/\/npg.pe\/wp-content\/uploads\/2024\/11\/Roberto-Navarro.jpg\" \/>\n\t<meta property=\"og:image:width\" content=\"400\" \/>\n\t<meta property=\"og:image:height\" content=\"800\" \/>\n\t<meta property=\"og:image:type\" content=\"image\/jpeg\" \/>\n<meta name=\"twitter:card\" content=\"summary_large_image\" \/>\n<meta name=\"twitter:label1\" content=\"Est. reading time\" \/>\n\t<meta name=\"twitter:data1\" content=\"1 minute\" \/>\n<script type=\"application\/ld+json\" class=\"yoast-schema-graph\">{\"@context\":\"https:\/\/schema.org\",\"@graph\":[{\"@type\":\"WebPage\",\"@id\":\"https:\/\/npg.pe\/en\/the-npg-team\/roberto-navarro\",\"url\":\"https:\/\/npg.pe\/en\/the-npg-team\/roberto-navarro\",\"name\":\"Roberto Navarro - NPG Abogados\",\"isPartOf\":{\"@id\":\"https:\/\/npg.pe\/#website\"},\"primaryImageOfPage\":{\"@id\":\"https:\/\/npg.pe\/en\/the-npg-team\/roberto-navarro#primaryimage\"},\"image\":{\"@id\":\"https:\/\/npg.pe\/en\/the-npg-team\/roberto-navarro#primaryimage\"},\"thumbnailUrl\":\"https:\/\/npg.pe\/wp-content\/uploads\/2024\/11\/Roberto-Navarro.jpg\",\"datePublished\":\"2024-08-05T03:20:31+00:00\",\"dateModified\":\"2025-02-20T18:21:12+00:00\",\"description\":\"Roberto est\u00e1 especializado en Derecho de la Construcci\u00f3n. Graduado por la Universidad San Ignacio de Loyola en 2018.Roberto se destaca por su conocimiento profundo en contrataciones con el Estado, Derecho Administrativo, Derecho Civil y Derecho Inmobiliario. Su dominio de los idiomas espa\u00f1ol, ingl\u00e9s y franc\u00e9s le permite manejar casos complejos y comunicarse eficazmente con una amplia gama de clientes internacionales.\",\"breadcrumb\":{\"@id\":\"https:\/\/npg.pe\/en\/the-npg-team\/roberto-navarro#breadcrumb\"},\"inLanguage\":\"en-US\",\"potentialAction\":[{\"@type\":\"ReadAction\",\"target\":[\"https:\/\/npg.pe\/en\/the-npg-team\/roberto-navarro\"]}]},{\"@type\":\"ImageObject\",\"inLanguage\":\"en-US\",\"@id\":\"https:\/\/npg.pe\/en\/the-npg-team\/roberto-navarro#primaryimage\",\"url\":\"https:\/\/npg.pe\/wp-content\/uploads\/2024\/11\/Roberto-Navarro.jpg\",\"contentUrl\":\"https:\/\/npg.pe\/wp-content\/uploads\/2024\/11\/Roberto-Navarro.jpg\",\"width\":400,\"height\":800,\"caption\":\"Roberto Navarro\"},{\"@type\":\"BreadcrumbList\",\"@id\":\"https:\/\/npg.pe\/en\/the-npg-team\/roberto-navarro#breadcrumb\",\"itemListElement\":[{\"@type\":\"ListItem\",\"position\":1,\"name\":\"Portada\",\"item\":\"https:\/\/npg.pe\/\"},{\"@type\":\"ListItem\",\"position\":2,\"name\":\"The NPG Team\",\"item\":\"https:\/\/npg.pe\/en\/the-npg-team\"},{\"@type\":\"ListItem\",\"position\":3,\"name\":\"Roberto Navarro\"}]},{\"@type\":\"WebSite\",\"@id\":\"https:\/\/npg.pe\/#website\",\"url\":\"https:\/\/npg.pe\/\",\"name\":\"NPG Abogados\",\"description\":\"Especialistas en Derecho de la Construcci\u00f3n\",\"publisher\":{\"@id\":\"https:\/\/npg.pe\/#organization\"},\"potentialAction\":[{\"@type\":\"SearchAction\",\"target\":{\"@type\":\"EntryPoint\",\"urlTemplate\":\"https:\/\/npg.pe\/?s={search_term_string}\"},\"query-input\":{\"@type\":\"PropertyValueSpecification\",\"valueRequired\":true,\"valueName\":\"search_term_string\"}}],\"inLanguage\":\"en-US\"},{\"@type\":\"Organization\",\"@id\":\"https:\/\/npg.pe\/#organization\",\"name\":\"NPG Abogados\",\"url\":\"https:\/\/npg.pe\/\",\"logo\":{\"@type\":\"ImageObject\",\"inLanguage\":\"en-US\",\"@id\":\"https:\/\/npg.pe\/#\/schema\/logo\/image\/\",\"url\":\"https:\/\/npg.pe\/wp-content\/uploads\/2024\/12\/Logo-NPG.png\",\"contentUrl\":\"https:\/\/npg.pe\/wp-content\/uploads\/2024\/12\/Logo-NPG.png\",\"width\":421,\"height\":259,\"caption\":\"NPG Abogados\"},\"image\":{\"@id\":\"https:\/\/npg.pe\/#\/schema\/logo\/image\/\"},\"sameAs\":[\"https:\/\/www.facebook.com\/npg.abogados\",\"http:\/\/www.linkedin.com\/company\/estudio-navarro-sologuren-paredes-gray?trk=tabs_biz_home\",\"https:\/\/www.youtube.com\/@npgabogados5970\"]}]}<\/script>\n<!-- \/ Yoast SEO plugin. -->","yoast_head_json":{"title":"Roberto Navarro - NPG Abogados","description":"Roberto est\u00e1 especializado en Derecho de la Construcci\u00f3n. Graduado por la Universidad San Ignacio de Loyola en 2018.Roberto se destaca por su conocimiento profundo en contrataciones con el Estado, Derecho Administrativo, Derecho Civil y Derecho Inmobiliario. Su dominio de los idiomas espa\u00f1ol, ingl\u00e9s y franc\u00e9s le permite manejar casos complejos y comunicarse eficazmente con una amplia gama de clientes internacionales.","robots":{"index":"index","follow":"follow","max-snippet":"max-snippet:-1","max-image-preview":"max-image-preview:large","max-video-preview":"max-video-preview:-1"},"canonical":"https:\/\/npg.pe\/en\/the-npg-team\/roberto-navarro","og_locale":"en_US","og_type":"article","og_title":"Roberto Navarro - NPG Abogados","og_description":"Roberto est\u00e1 especializado en Derecho de la Construcci\u00f3n. Graduado por la Universidad San Ignacio de Loyola en 2018.Roberto se destaca por su conocimiento profundo en contrataciones con el Estado, Derecho Administrativo, Derecho Civil y Derecho Inmobiliario. Su dominio de los idiomas espa\u00f1ol, ingl\u00e9s y franc\u00e9s le permite manejar casos complejos y comunicarse eficazmente con una amplia gama de clientes internacionales.","og_url":"https:\/\/npg.pe\/en\/the-npg-team\/roberto-navarro","og_site_name":"NPG Abogados","article_publisher":"https:\/\/www.facebook.com\/npg.abogados","article_modified_time":"2025-02-20T18:21:12+00:00","og_image":[{"width":400,"height":800,"url":"https:\/\/npg.pe\/wp-content\/uploads\/2024\/11\/Roberto-Navarro.jpg","type":"image\/jpeg"}],"twitter_card":"summary_large_image","twitter_misc":{"Est. reading time":"1 minute"},"schema":{"@context":"https:\/\/schema.org","@graph":[{"@type":"WebPage","@id":"https:\/\/npg.pe\/en\/the-npg-team\/roberto-navarro","url":"https:\/\/npg.pe\/en\/the-npg-team\/roberto-navarro","name":"Roberto Navarro - NPG Abogados","isPartOf":{"@id":"https:\/\/npg.pe\/#website"},"primaryImageOfPage":{"@id":"https:\/\/npg.pe\/en\/the-npg-team\/roberto-navarro#primaryimage"},"image":{"@id":"https:\/\/npg.pe\/en\/the-npg-team\/roberto-navarro#primaryimage"},"thumbnailUrl":"https:\/\/npg.pe\/wp-content\/uploads\/2024\/11\/Roberto-Navarro.jpg","datePublished":"2024-08-05T03:20:31+00:00","dateModified":"2025-02-20T18:21:12+00:00","description":"Roberto est\u00e1 especializado en Derecho de la Construcci\u00f3n. Graduado por la Universidad San Ignacio de Loyola en 2018.Roberto se destaca por su conocimiento profundo en contrataciones con el Estado, Derecho Administrativo, Derecho Civil y Derecho Inmobiliario. Su dominio de los idiomas espa\u00f1ol, ingl\u00e9s y franc\u00e9s le permite manejar casos complejos y comunicarse eficazmente con una amplia gama de clientes internacionales.","breadcrumb":{"@id":"https:\/\/npg.pe\/en\/the-npg-team\/roberto-navarro#breadcrumb"},"inLanguage":"en-US","potentialAction":[{"@type":"ReadAction","target":["https:\/\/npg.pe\/en\/the-npg-team\/roberto-navarro"]}]},{"@type":"ImageObject","inLanguage":"en-US","@id":"https:\/\/npg.pe\/en\/the-npg-team\/roberto-navarro#primaryimage","url":"https:\/\/npg.pe\/wp-content\/uploads\/2024\/11\/Roberto-Navarro.jpg","contentUrl":"https:\/\/npg.pe\/wp-content\/uploads\/2024\/11\/Roberto-Navarro.jpg","width":400,"height":800,"caption":"Roberto Navarro"},{"@type":"BreadcrumbList","@id":"https:\/\/npg.pe\/en\/the-npg-team\/roberto-navarro#breadcrumb","itemListElement":[{"@type":"ListItem","position":1,"name":"Portada","item":"https:\/\/npg.pe\/"},{"@type":"ListItem","position":2,"name":"The NPG Team","item":"https:\/\/npg.pe\/en\/the-npg-team"},{"@type":"ListItem","position":3,"name":"Roberto Navarro"}]},{"@type":"WebSite","@id":"https:\/\/npg.pe\/#website","url":"https:\/\/npg.pe\/","name":"NPG Abogados","description":"Especialistas en Derecho de la Construcci\u00f3n","publisher":{"@id":"https:\/\/npg.pe\/#organization"},"potentialAction":[{"@type":"SearchAction","target":{"@type":"EntryPoint","urlTemplate":"https:\/\/npg.pe\/?s={search_term_string}"},"query-input":{"@type":"PropertyValueSpecification","valueRequired":true,"valueName":"search_term_string"}}],"inLanguage":"en-US"},{"@type":"Organization","@id":"https:\/\/npg.pe\/#organization","name":"NPG Abogados","url":"https:\/\/npg.pe\/","logo":{"@type":"ImageObject","inLanguage":"en-US","@id":"https:\/\/npg.pe\/#\/schema\/logo\/image\/","url":"https:\/\/npg.pe\/wp-content\/uploads\/2024\/12\/Logo-NPG.png","contentUrl":"https:\/\/npg.pe\/wp-content\/uploads\/2024\/12\/Logo-NPG.png","width":421,"height":259,"caption":"NPG Abogados"},"image":{"@id":"https:\/\/npg.pe\/#\/schema\/logo\/image\/"},"sameAs":["https:\/\/www.facebook.com\/npg.abogados","http:\/\/www.linkedin.com\/company\/estudio-navarro-sologuren-paredes-gray?trk=tabs_biz_home","https:\/\/www.youtube.com\/@npgabogados5970"]}]}},"_links":{"self":[{"href":"https:\/\/npg.pe\/en\/wp-json\/wp\/v2\/pages\/16712","targetHints":{"allow":["GET"]}}],"collection":[{"href":"https:\/\/npg.pe\/en\/wp-json\/wp\/v2\/pages"}],"about":[{"href":"https:\/\/npg.pe\/en\/wp-json\/wp\/v2\/types\/page"}],"author":[{"embeddable":true,"href":"https:\/\/npg.pe\/en\/wp-json\/wp\/v2\/users\/1"}],"replies":[{"embeddable":true,"href":"https:\/\/npg.pe\/en\/wp-json\/wp\/v2\/comments?post=16712"}],"version-history":[{"count":1,"href":"https:\/\/npg.pe\/en\/wp-json\/wp\/v2\/pages\/16712\/revisions"}],"predecessor-version":[{"id":16713,"href":"https:\/\/npg.pe\/en\/wp-json\/wp\/v2\/pages\/16712\/revisions\/16713"}],"up":[{"embeddable":true,"href":"https:\/\/npg.pe\/en\/wp-json\/wp\/v2\/pages\/16732"}],"wp:featuredmedia":[{"embeddable":true,"href":"https:\/\/npg.pe\/en\/wp-json\/wp\/v2\/media\/16596"}],"wp:attachment":[{"href":"https:\/\/npg.pe\/en\/wp-json\/wp\/v2\/media?parent=16712"}],"curies":[{"name":"wp","href":"https:\/\/api.w.org\/{rel}","templated":true}]}}